{"id":643,"date":"2025-03-15T06:26:25","date_gmt":"2025-03-15T05:26:25","guid":{"rendered":"https:\/\/commechezmamieswag.fr\/?page_id=643"},"modified":"2026-01-04T15:30:40","modified_gmt":"2026-01-04T14:30:40","slug":"pensees-ephemeres","status":"publish","type":"page","link":"https:\/\/commechezmamieswag.fr\/index.php\/pensees-ephemeres\/","title":{"rendered":"Pens\u00e9es Eph\u00e9m\u00e8res"},"content":{"rendered":"\n<div class=\"wp-block-media-text is-stacked-on-mobile has-text-color has-background has-link-color wp-elements-b5cd89c93c38d17b71fda66974cf396f\" style=\"color:#ff6df3;background-color:#0d00fa\"><figure class=\"wp-block-media-text__media\"><a href=\"https:\/\/commechezmamieswag.fr\/index.php\/2025\/03\/15\/conversation-ephemere-autour-de-supers-pates-carbos\/\"><img loading=\"lazy\" decoding=\"async\" width=\"1024\" height=\"768\" src=\"https:\/\/commechezmamieswag.fr\/wp-content\/uploads\/2025\/03\/confines-1024x768.jpg\" alt=\"\" class=\"wp-image-644 size-full\" srcset=\"https:\/\/commechezmamieswag.fr\/wp-content\/uploads\/2025\/03\/confines-1024x768.jpg 1024w, https:\/\/commechezmamieswag.fr\/wp-content\/uploads\/2025\/03\/confines-300x225.jpg 300w, https:\/\/commechezmamieswag.fr\/wp-content\/uploads\/2025\/03\/confines-768x576.jpg 768w, https:\/\/commechezmamieswag.fr\/wp-content\/uploads\/2025\/03\/confines-1536x1152.jpg 1536w, https:\/\/commechezmamieswag.fr\/wp-content\/uploads\/2025\/03\/confines-1320x990.jpg 1320w, https:\/\/commechezmamieswag.fr\/wp-content\/uploads\/2025\/03\/confines.jpg 1600w\" sizes=\"auto, (max-width: 1024px) 100vw, 1024px\" \/><\/a><\/figure><div class=\"wp-block-media-text__content\">\n<p>Conversation \u00e9ph\u00e9m\u00e8re entre copains <\/p>\n<\/div><\/div>\n\n\n\n<div class=\"wp-block-media-text is-stacked-on-mobile has-text-color has-background has-link-color wp-elements-fcaa6ab89a17b61a0c06fdfb7ee862ca\" style=\"color:#ff6df3;background-color:#0d00fa\"><figure class=\"wp-block-media-text__media\"><a href=\"https:\/\/commechezmamieswag.fr\/index.php\/2025\/03\/16\/cest-lhistoire-de-sophie\/\"><img loading=\"lazy\" decoding=\"async\" width=\"1024\" height=\"768\" src=\"https:\/\/commechezmamieswag.fr\/wp-content\/uploads\/2025\/03\/waw-1024x768.jpg\" alt=\"\" class=\"wp-image-655 size-full\" srcset=\"https:\/\/commechezmamieswag.fr\/wp-content\/uploads\/2025\/03\/waw-1024x768.jpg 1024w, https:\/\/commechezmamieswag.fr\/wp-content\/uploads\/2025\/03\/waw-300x225.jpg 300w, https:\/\/commechezmamieswag.fr\/wp-content\/uploads\/2025\/03\/waw-768x576.jpg 768w, https:\/\/commechezmamieswag.fr\/wp-content\/uploads\/2025\/03\/waw-1536x1152.jpg 1536w, https:\/\/commechezmamieswag.fr\/wp-content\/uploads\/2025\/03\/waw-1320x990.jpg 1320w, https:\/\/commechezmamieswag.fr\/wp-content\/uploads\/2025\/03\/waw.jpg 2048w\" sizes=\"auto, (max-width: 1024px) 100vw, 1024px\" \/><\/a><\/figure><div class=\"wp-block-media-text__content\">\n<p>Voici l&#8217;Histoire de Sophie <\/p>\n<\/div><\/div>\n\n\n\n<div class=\"wp-block-media-text is-stacked-on-mobile has-background\" style=\"background-color:#0d00fa\"><figure class=\"wp-block-media-text__media\"><a href=\"https:\/\/commechezmamieswag.fr\/index.php\/2025\/05\/05\/le-grand-bernard\/\"><img loading=\"lazy\" decoding=\"async\" width=\"1024\" height=\"768\" src=\"https:\/\/commechezmamieswag.fr\/wp-content\/uploads\/2025\/05\/copains-1024x768.jpg\" alt=\"\" class=\"wp-image-739 size-full\" srcset=\"https:\/\/commechezmamieswag.fr\/wp-content\/uploads\/2025\/05\/copains-1024x768.jpg 1024w, https:\/\/commechezmamieswag.fr\/wp-content\/uploads\/2025\/05\/copains-300x225.jpg 300w, https:\/\/commechezmamieswag.fr\/wp-content\/uploads\/2025\/05\/copains-768x576.jpg 768w, https:\/\/commechezmamieswag.fr\/wp-content\/uploads\/2025\/05\/copains-1536x1152.jpg 1536w, https:\/\/commechezmamieswag.fr\/wp-content\/uploads\/2025\/05\/copains-1320x990.jpg 1320w, https:\/\/commechezmamieswag.fr\/wp-content\/uploads\/2025\/05\/copains.jpg 1600w\" sizes=\"auto, (max-width: 1024px) 100vw, 1024px\" \/><\/a><\/figure><div class=\"wp-block-media-text__content\">\n<p class=\"has-text-color has-link-color wp-elements-415941d1b3cd13b4df3a25cd03e6e30d\" style=\"color:#ff6df3\">Le grand bernard<\/p>\n<\/div><\/div>\n\n\n\n<div class=\"wp-block-media-text is-stacked-on-mobile has-text-color has-background has-link-color wp-elements-2bcdb051109a46d4cc83c9bba0e73b25\" style=\"color:#ff6df3;background-color:#0d00fa\"><figure class=\"wp-block-media-text__media\"><a href=\"https:\/\/commechezmamieswag.fr\/index.php\/2025\/05\/08\/quelques-pensees-du-jour-ou-celui-dhier\/\"><img loading=\"lazy\" decoding=\"async\" width=\"1024\" height=\"687\" src=\"https:\/\/commechezmamieswag.fr\/wp-content\/uploads\/2025\/05\/Photo18_18-1024x687.jpg\" alt=\"\" class=\"wp-image-754 size-full\" srcset=\"https:\/\/commechezmamieswag.fr\/wp-content\/uploads\/2025\/05\/Photo18_18-1024x687.jpg 1024w, https:\/\/commechezmamieswag.fr\/wp-content\/uploads\/2025\/05\/Photo18_18-300x201.jpg 300w, https:\/\/commechezmamieswag.fr\/wp-content\/uploads\/2025\/05\/Photo18_18-768x516.jpg 768w, https:\/\/commechezmamieswag.fr\/wp-content\/uploads\/2025\/05\/Photo18_18-1536x1031.jpg 1536w, https:\/\/commechezmamieswag.fr\/wp-content\/uploads\/2025\/05\/Photo18_18-1320x886.jpg 1320w, https:\/\/commechezmamieswag.fr\/wp-content\/uploads\/2025\/05\/Photo18_18.jpg 1895w\" sizes=\"auto, (max-width: 1024px) 100vw, 1024px\" \/><\/a><\/figure><div class=\"wp-block-media-text__content\">\n<p>quelques pens\u00e9es du jour ou celui d&#8217;hier <\/p>\n<\/div><\/div>\n\n\n\n<div class=\"wp-block-media-text is-stacked-on-mobile has-text-color has-background has-link-color wp-elements-1494efe576459cd9e1e175bd594a7e13\" style=\"color:#ff6df3;background-color:#0d00fa\"><figure class=\"wp-block-media-text__media\"><a href=\"https:\/\/commechezmamieswag.fr\/index.php\/2025\/06\/18\/elle-cest-tatiejo\/\"><img loading=\"lazy\" decoding=\"async\" width=\"768\" height=\"1024\" src=\"https:\/\/commechezmamieswag.fr\/wp-content\/uploads\/2025\/06\/WhatsApp-Image-2025-06-17-a-12.04.09_b961ae6f-2-768x1024.jpg\" alt=\"\" class=\"wp-image-814 size-full\" srcset=\"https:\/\/commechezmamieswag.fr\/wp-content\/uploads\/2025\/06\/WhatsApp-Image-2025-06-17-a-12.04.09_b961ae6f-2-768x1024.jpg 768w, https:\/\/commechezmamieswag.fr\/wp-content\/uploads\/2025\/06\/WhatsApp-Image-2025-06-17-a-12.04.09_b961ae6f-2-225x300.jpg 225w, https:\/\/commechezmamieswag.fr\/wp-content\/uploads\/2025\/06\/WhatsApp-Image-2025-06-17-a-12.04.09_b961ae6f-2-1152x1536.jpg 1152w, https:\/\/commechezmamieswag.fr\/wp-content\/uploads\/2025\/06\/WhatsApp-Image-2025-06-17-a-12.04.09_b961ae6f-2.jpg 1200w\" sizes=\"auto, (max-width: 768px) 100vw, 768px\" \/><\/a><\/figure><div class=\"wp-block-media-text__content\">\n<p>TatieJo, l&#8217;une de celles qu&#8217;il faut rencontrer <\/p>\n<\/div><\/div>\n\n\n\n<div class=\"wp-block-media-text is-stacked-on-mobile has-text-color has-background has-link-color wp-elements-f3ba5d641f5595f5e3c42ebb119b7289\" style=\"color:#ff6df3;background-color:#0d00ff\"><figure class=\"wp-block-media-text__media\"><a href=\"https:\/\/commechezmamieswag.fr\/index.php\/2025\/09\/20\/847\/\"><img loading=\"lazy\" decoding=\"async\" width=\"1024\" height=\"1024\" src=\"https:\/\/commechezmamieswag.fr\/wp-content\/uploads\/2025\/09\/30-7-1024x1024.png\" alt=\"\" class=\"wp-image-922 size-full\" srcset=\"https:\/\/commechezmamieswag.fr\/wp-content\/uploads\/2025\/09\/30-7-1024x1024.png 1024w, https:\/\/commechezmamieswag.fr\/wp-content\/uploads\/2025\/09\/30-7-300x300.png 300w, https:\/\/commechezmamieswag.fr\/wp-content\/uploads\/2025\/09\/30-7-150x150.png 150w, https:\/\/commechezmamieswag.fr\/wp-content\/uploads\/2025\/09\/30-7-768x768.png 768w, https:\/\/commechezmamieswag.fr\/wp-content\/uploads\/2025\/09\/30-7.png 1080w\" sizes=\"auto, (max-width: 1024px) 100vw, 1024px\" \/><\/a><\/figure><div class=\"wp-block-media-text__content\">\n<p>Un week-end vadrouille dans l&#8217;est !!<\/p>\n<\/div><\/div>\n\n\n\n<div class=\"wp-block-media-text is-stacked-on-mobile has-text-color has-background has-link-color wp-elements-216b5291fc2e6fea7f7f0bbccf62c204\" style=\"color:#ff6df3;background-color:#0d00ff\"><figure class=\"wp-block-media-text__media\"><a href=\"https:\/\/commechezmamieswag.fr\/index.php\/2026\/01\/04\/les-3-salazes\/\"><img loading=\"lazy\" decoding=\"async\" width=\"1024\" height=\"768\" src=\"https:\/\/commechezmamieswag.fr\/wp-content\/uploads\/2026\/01\/photo-presentation-1-1-1024x768.jpg\" alt=\"\" class=\"wp-image-1014 size-full\" srcset=\"https:\/\/commechezmamieswag.fr\/wp-content\/uploads\/2026\/01\/photo-presentation-1-1-1024x768.jpg 1024w, https:\/\/commechezmamieswag.fr\/wp-content\/uploads\/2026\/01\/photo-presentation-1-1-300x225.jpg 300w, https:\/\/commechezmamieswag.fr\/wp-content\/uploads\/2026\/01\/photo-presentation-1-1-768x576.jpg 768w, https:\/\/commechezmamieswag.fr\/wp-content\/uploads\/2026\/01\/photo-presentation-1-1-1536x1152.jpg 1536w, https:\/\/commechezmamieswag.fr\/wp-content\/uploads\/2026\/01\/photo-presentation-1-1-1320x990.jpg 1320w, https:\/\/commechezmamieswag.fr\/wp-content\/uploads\/2026\/01\/photo-presentation-1-1.jpg 2016w\" sizes=\"auto, (max-width: 1024px) 100vw, 1024px\" \/><\/a><\/figure><div class=\"wp-block-media-text__content\">\n<p>Les 3 Salazes<\/p>\n<\/div><\/div>\n","protected":false},"excerpt":{"rendered":"<p>Conversation \u00e9ph\u00e9m\u00e8re entre copains Voici l&#8217;Histoire de Sophie Le grand bernard quelques pens\u00e9es du jour ou celui d&#8217;hier TatieJo, l&#8217;une de celles qu&#8217;il faut rencontrer Un week-end vadrouille dans l&#8217;est !! Les 3 Salazes<\/p>\n","protected":false},"author":1,"featured_media":0,"parent":0,"menu_order":0,"comment_status":"open","ping_status":"closed","template":"","meta":{"footnotes":""},"class_list":["post-643","page","type-page","status-publish","hentry"],"_links":{"self":[{"href":"https:\/\/commechezmamieswag.fr\/index.php\/wp-json\/wp\/v2\/pages\/643","targetHints":{"allow":["GET"]}}],"collection":[{"href":"https:\/\/commechezmamieswag.fr\/index.php\/wp-json\/wp\/v2\/pages"}],"about":[{"href":"https:\/\/commechezmamieswag.fr\/index.php\/wp-json\/wp\/v2\/types\/page"}],"author":[{"embeddable":true,"href":"https:\/\/commechezmamieswag.fr\/index.php\/wp-json\/wp\/v2\/users\/1"}],"replies":[{"embeddable":true,"href":"https:\/\/commechezmamieswag.fr\/index.php\/wp-json\/wp\/v2\/comments?post=643"}],"version-history":[{"count":8,"href":"https:\/\/commechezmamieswag.fr\/index.php\/wp-json\/wp\/v2\/pages\/643\/revisions"}],"predecessor-version":[{"id":1016,"href":"https:\/\/commechezmamieswag.fr\/index.php\/wp-json\/wp\/v2\/pages\/643\/revisions\/1016"}],"wp:attachment":[{"href":"https:\/\/commechezmamieswag.fr\/index.php\/wp-json\/wp\/v2\/media?parent=643"}],"curies":[{"name":"wp","href":"https:\/\/api.w.org\/{rel}","templated":true}]}}