{"id":450,"date":"2025-01-17T08:09:40","date_gmt":"2025-01-17T07:09:40","guid":{"rendered":"https:\/\/commechezmamieswag.fr\/?page_id=450"},"modified":"2026-03-02T18:18:39","modified_gmt":"2026-03-02T17:18:39","slug":"extraits-dun-carnet-de-voyage","status":"publish","type":"page","link":"https:\/\/commechezmamieswag.fr\/index.php\/extraits-dun-carnet-de-voyage\/","title":{"rendered":"Extraits d&#8217;un carnet de voyage"},"content":{"rendered":"\n<div class=\"wp-block-media-text is-stacked-on-mobile has-background\" style=\"background-color:#fff156\"><figure class=\"wp-block-media-text__media\"><a href=\"https:\/\/commechezmamieswag.fr\/index.php\/2025\/01\/17\/lemergence-du-carnet-de-voyage\/\"><img loading=\"lazy\" decoding=\"async\" width=\"1024\" height=\"718\" src=\"https:\/\/commechezmamieswag.fr\/wp-content\/uploads\/2025\/01\/carnet-1-1024x718.jpg\" alt=\"\" class=\"wp-image-451 size-full\" srcset=\"https:\/\/commechezmamieswag.fr\/wp-content\/uploads\/2025\/01\/carnet-1-1024x718.jpg 1024w, https:\/\/commechezmamieswag.fr\/wp-content\/uploads\/2025\/01\/carnet-1-300x210.jpg 300w, https:\/\/commechezmamieswag.fr\/wp-content\/uploads\/2025\/01\/carnet-1-768x539.jpg 768w, https:\/\/commechezmamieswag.fr\/wp-content\/uploads\/2025\/01\/carnet-1-1536x1077.jpg 1536w, https:\/\/commechezmamieswag.fr\/wp-content\/uploads\/2025\/01\/carnet-1.jpg 1600w\" sizes=\"auto, (max-width: 1024px) 100vw, 1024px\" \/><\/a><\/figure><div class=\"wp-block-media-text__content\">\n<p>Emergence d&#8217;un carnet de voyage <\/p>\n<\/div><\/div>\n\n\n\n<div class=\"wp-block-media-text is-stacked-on-mobile has-background\" style=\"background-color:#fff156\"><figure class=\"wp-block-media-text__media\"><a href=\"https:\/\/commechezmamieswag.fr\/index.php\/2025\/03\/06\/alice-aux-pays-des-randonnees\/\"><img loading=\"lazy\" decoding=\"async\" width=\"1024\" height=\"768\" src=\"https:\/\/commechezmamieswag.fr\/wp-content\/uploads\/2025\/03\/carnet-de-voyage-edited-1-1024x768.jpg\" alt=\"\" class=\"wp-image-610 size-full\" srcset=\"https:\/\/commechezmamieswag.fr\/wp-content\/uploads\/2025\/03\/carnet-de-voyage-edited-1-1024x768.jpg 1024w, https:\/\/commechezmamieswag.fr\/wp-content\/uploads\/2025\/03\/carnet-de-voyage-edited-1-300x225.jpg 300w, https:\/\/commechezmamieswag.fr\/wp-content\/uploads\/2025\/03\/carnet-de-voyage-edited-1-768x576.jpg 768w, https:\/\/commechezmamieswag.fr\/wp-content\/uploads\/2025\/03\/carnet-de-voyage-edited-1-1320x990.jpg 1320w, https:\/\/commechezmamieswag.fr\/wp-content\/uploads\/2025\/03\/carnet-de-voyage-edited-1.jpg 1423w\" sizes=\"auto, (max-width: 1024px) 100vw, 1024px\" \/><\/a><\/figure><div class=\"wp-block-media-text__content\">\n<p>Alice au pays des randonn\u00e9es <\/p>\n<\/div><\/div>\n\n\n\n<div class=\"wp-block-media-text is-stacked-on-mobile has-background\" style=\"background-color:#fff156\"><figure class=\"wp-block-media-text__media\"><a href=\"https:\/\/commechezmamieswag.fr\/index.php\/2025\/03\/18\/le-carnet-ouvre-ses-pages-a-mme-aquarelle\/\"><img loading=\"lazy\" decoding=\"async\" width=\"1024\" height=\"614\" src=\"https:\/\/commechezmamieswag.fr\/wp-content\/uploads\/2025\/03\/voyage-1-1024x614.jpg\" alt=\"\" class=\"wp-image-673 size-full\" srcset=\"https:\/\/commechezmamieswag.fr\/wp-content\/uploads\/2025\/03\/voyage-1-1024x614.jpg 1024w, https:\/\/commechezmamieswag.fr\/wp-content\/uploads\/2025\/03\/voyage-1-300x180.jpg 300w, https:\/\/commechezmamieswag.fr\/wp-content\/uploads\/2025\/03\/voyage-1-768x461.jpg 768w, https:\/\/commechezmamieswag.fr\/wp-content\/uploads\/2025\/03\/voyage-1-1320x792.jpg 1320w, https:\/\/commechezmamieswag.fr\/wp-content\/uploads\/2025\/03\/voyage-1.jpg 1399w\" sizes=\"auto, (max-width: 1024px) 100vw, 1024px\" \/><\/a><\/figure><div class=\"wp-block-media-text__content\">\n<p>Bienvenue \u00e0 l&#8217;aquarelle <\/p>\n<\/div><\/div>\n\n\n\n<div class=\"wp-block-media-text is-stacked-on-mobile has-background\" style=\"background-color:#fff156\"><figure class=\"wp-block-media-text__media\"><a href=\"https:\/\/commechezmamieswag.fr\/index.php\/2025\/04\/21\/carnet-de-linstant-calendrier\/\"><img loading=\"lazy\" decoding=\"async\" width=\"1024\" height=\"1024\" src=\"https:\/\/commechezmamieswag.fr\/wp-content\/uploads\/2025\/04\/Pink-Blue-Retro-New-Blog-Article-Instagram-Post-50-1-1024x1024.png\" alt=\"\" class=\"wp-image-724 size-full\" srcset=\"https:\/\/commechezmamieswag.fr\/wp-content\/uploads\/2025\/04\/Pink-Blue-Retro-New-Blog-Article-Instagram-Post-50-1-1024x1024.png 1024w, https:\/\/commechezmamieswag.fr\/wp-content\/uploads\/2025\/04\/Pink-Blue-Retro-New-Blog-Article-Instagram-Post-50-1-300x300.png 300w, https:\/\/commechezmamieswag.fr\/wp-content\/uploads\/2025\/04\/Pink-Blue-Retro-New-Blog-Article-Instagram-Post-50-1-150x150.png 150w, https:\/\/commechezmamieswag.fr\/wp-content\/uploads\/2025\/04\/Pink-Blue-Retro-New-Blog-Article-Instagram-Post-50-1-768x768.png 768w, https:\/\/commechezmamieswag.fr\/wp-content\/uploads\/2025\/04\/Pink-Blue-Retro-New-Blog-Article-Instagram-Post-50-1.png 1080w\" sizes=\"auto, (max-width: 1024px) 100vw, 1024px\" \/><\/a><\/figure><div class=\"wp-block-media-text__content\">\n<p>Calendrier de l&#8217;instant <\/p>\n<\/div><\/div>\n\n\n\n<div class=\"wp-block-media-text is-stacked-on-mobile has-background\" style=\"background-color:#fff156\"><figure class=\"wp-block-media-text__media\"><a href=\"https:\/\/commechezmamieswag.fr\/index.php\/2025\/06\/08\/la-morale-fleurole\/\"><img loading=\"lazy\" decoding=\"async\" width=\"1024\" height=\"768\" src=\"https:\/\/commechezmamieswag.fr\/wp-content\/uploads\/2025\/06\/morale-fleurale-3-1024x768.jpg\" alt=\"\" class=\"wp-image-770 size-full\" srcset=\"https:\/\/commechezmamieswag.fr\/wp-content\/uploads\/2025\/06\/morale-fleurale-3-1024x768.jpg 1024w, https:\/\/commechezmamieswag.fr\/wp-content\/uploads\/2025\/06\/morale-fleurale-3-300x225.jpg 300w, https:\/\/commechezmamieswag.fr\/wp-content\/uploads\/2025\/06\/morale-fleurale-3-768x576.jpg 768w, https:\/\/commechezmamieswag.fr\/wp-content\/uploads\/2025\/06\/morale-fleurale-3-1536x1152.jpg 1536w, https:\/\/commechezmamieswag.fr\/wp-content\/uploads\/2025\/06\/morale-fleurale-3-1320x990.jpg 1320w, https:\/\/commechezmamieswag.fr\/wp-content\/uploads\/2025\/06\/morale-fleurale-3.jpg 1647w\" sizes=\"auto, (max-width: 1024px) 100vw, 1024px\" \/><\/a><\/figure><div class=\"wp-block-media-text__content\">\n<p>La Morale Fleurole<\/p>\n<\/div><\/div>\n\n\n\n<div class=\"wp-block-media-text is-stacked-on-mobile has-background\" style=\"background-color:#fff156\"><figure class=\"wp-block-media-text__media\"><img loading=\"lazy\" decoding=\"async\" width=\"1024\" height=\"768\" src=\"https:\/\/commechezmamieswag.fr\/wp-content\/uploads\/2026\/03\/rodrigues-1024x768.jpeg\" alt=\"\" class=\"wp-image-1060 size-full\" srcset=\"https:\/\/commechezmamieswag.fr\/wp-content\/uploads\/2026\/03\/rodrigues-1024x768.jpeg 1024w, https:\/\/commechezmamieswag.fr\/wp-content\/uploads\/2026\/03\/rodrigues-300x225.jpeg 300w, https:\/\/commechezmamieswag.fr\/wp-content\/uploads\/2026\/03\/rodrigues-768x576.jpeg 768w, https:\/\/commechezmamieswag.fr\/wp-content\/uploads\/2026\/03\/rodrigues-1536x1152.jpeg 1536w, https:\/\/commechezmamieswag.fr\/wp-content\/uploads\/2026\/03\/rodrigues-1320x990.jpeg 1320w, https:\/\/commechezmamieswag.fr\/wp-content\/uploads\/2026\/03\/rodrigues.jpeg 2000w\" sizes=\"auto, (max-width: 1024px) 100vw, 1024px\" \/><\/figure><div class=\"wp-block-media-text__content\">\n<p>Changement d&#8217;air sur l&#8217;\u00eele de Rodrigues <\/p>\n<\/div><\/div>\n","protected":false},"excerpt":{"rendered":"<p>Emergence d&#8217;un carnet de voyage Alice au pays des randonn\u00e9es Bienvenue \u00e0 l&#8217;aquarelle Calendrier de l&#8217;instant La Morale Fleurole Changement d&#8217;air sur l&#8217;\u00eele de Rodrigues<\/p>\n","protected":false},"author":1,"featured_media":0,"parent":0,"menu_order":0,"comment_status":"closed","ping_status":"closed","template":"","meta":{"footnotes":""},"class_list":["post-450","page","type-page","status-publish","hentry"],"_links":{"self":[{"href":"https:\/\/commechezmamieswag.fr\/index.php\/wp-json\/wp\/v2\/pages\/450","targetHints":{"allow":["GET"]}}],"collection":[{"href":"https:\/\/commechezmamieswag.fr\/index.php\/wp-json\/wp\/v2\/pages"}],"about":[{"href":"https:\/\/commechezmamieswag.fr\/index.php\/wp-json\/wp\/v2\/types\/page"}],"author":[{"embeddable":true,"href":"https:\/\/commechezmamieswag.fr\/index.php\/wp-json\/wp\/v2\/users\/1"}],"replies":[{"embeddable":true,"href":"https:\/\/commechezmamieswag.fr\/index.php\/wp-json\/wp\/v2\/comments?post=450"}],"version-history":[{"count":8,"href":"https:\/\/commechezmamieswag.fr\/index.php\/wp-json\/wp\/v2\/pages\/450\/revisions"}],"predecessor-version":[{"id":1062,"href":"https:\/\/commechezmamieswag.fr\/index.php\/wp-json\/wp\/v2\/pages\/450\/revisions\/1062"}],"wp:attachment":[{"href":"https:\/\/commechezmamieswag.fr\/index.php\/wp-json\/wp\/v2\/media?parent=450"}],"curies":[{"name":"wp","href":"https:\/\/api.w.org\/{rel}","templated":true}]}}