{"id":338,"date":"2025-01-15T10:32:03","date_gmt":"2025-01-15T09:32:03","guid":{"rendered":"https:\/\/commechezmamieswag.fr\/?page_id=338"},"modified":"2025-11-02T16:14:15","modified_gmt":"2025-11-02T15:14:15","slug":"instants-captures","status":"publish","type":"page","link":"https:\/\/commechezmamieswag.fr\/index.php\/instants-captures\/","title":{"rendered":"Instants captur\u00e9s"},"content":{"rendered":"\n<div class=\"wp-block-media-text is-stacked-on-mobile has-background\" style=\"background-color:#fcff3c\"><figure class=\"wp-block-media-text__media\"><a href=\"https:\/\/commechezmamieswag.fr\/index.php\/2025\/01\/15\/un-instant-au-portugal\/\" rel=\"https:\/\/commechezmamieswag.fr\/index.php\/2025\/01\/15\/un-instant-au-portugal\/\"><img loading=\"lazy\" decoding=\"async\" width=\"1024\" height=\"689\" src=\"https:\/\/commechezmamieswag.fr\/wp-content\/uploads\/2025\/01\/again-2-1024x689.jpg\" alt=\"\" class=\"wp-image-341 size-full\" srcset=\"https:\/\/commechezmamieswag.fr\/wp-content\/uploads\/2025\/01\/again-2-1024x689.jpg 1024w, https:\/\/commechezmamieswag.fr\/wp-content\/uploads\/2025\/01\/again-2-300x202.jpg 300w, https:\/\/commechezmamieswag.fr\/wp-content\/uploads\/2025\/01\/again-2-768x517.jpg 768w, https:\/\/commechezmamieswag.fr\/wp-content\/uploads\/2025\/01\/again-2-1536x1034.jpg 1536w, https:\/\/commechezmamieswag.fr\/wp-content\/uploads\/2025\/01\/again-2.jpg 1600w\" sizes=\"auto, (max-width: 1024px) 100vw, 1024px\" \/><\/a><\/figure><div class=\"wp-block-media-text__content\">\n<p>Quelques instants au Portugal <\/p>\n<\/div><\/div>\n\n\n\n<div class=\"wp-block-media-text is-stacked-on-mobile is-image-fill-element has-background\" style=\"background-color:#fcff3c\"><figure class=\"wp-block-media-text__media\"><a href=\"https:\/\/commechezmamieswag.fr\/index.php\/2025\/01\/14\/instants-captures-brest\/\"><img loading=\"lazy\" decoding=\"async\" width=\"1024\" height=\"689\" src=\"https:\/\/commechezmamieswag.fr\/wp-content\/uploads\/2025\/01\/A001088-R1-03-4-5-1024x689.jpg\" alt=\"https:\/\/commechezmamieswag.fr\/index.php\/2025\/01\/14\/instants-captures\/\" class=\"wp-image-339 size-full\" style=\"object-position:50% 50%\" srcset=\"https:\/\/commechezmamieswag.fr\/wp-content\/uploads\/2025\/01\/A001088-R1-03-4-5-1024x689.jpg 1024w, https:\/\/commechezmamieswag.fr\/wp-content\/uploads\/2025\/01\/A001088-R1-03-4-5-300x202.jpg 300w, https:\/\/commechezmamieswag.fr\/wp-content\/uploads\/2025\/01\/A001088-R1-03-4-5-768x517.jpg 768w, https:\/\/commechezmamieswag.fr\/wp-content\/uploads\/2025\/01\/A001088-R1-03-4-5-1536x1034.jpg 1536w, https:\/\/commechezmamieswag.fr\/wp-content\/uploads\/2025\/01\/A001088-R1-03-4-5.jpg 1842w\" sizes=\"auto, (max-width: 1024px) 100vw, 1024px\" \/><\/a><\/figure><div class=\"wp-block-media-text__content\">\n<p>Quelques instants dans une ville chaleureuse, Brest <\/p>\n<\/div><\/div>\n\n\n\n<div class=\"wp-block-media-text is-stacked-on-mobile has-background\" style=\"background-color:#fcff3c\"><figure class=\"wp-block-media-text__media\"><a href=\"https:\/\/commechezmamieswag.fr\/index.php\/2025\/01\/24\/quelques-photos-dune-petite-commune-perdue\/\"><img loading=\"lazy\" decoding=\"async\" width=\"689\" height=\"1024\" src=\"https:\/\/commechezmamieswag.fr\/wp-content\/uploads\/2025\/01\/NY-2-3-689x1024.jpg\" alt=\"\" class=\"wp-image-522 size-full\" srcset=\"https:\/\/commechezmamieswag.fr\/wp-content\/uploads\/2025\/01\/NY-2-3-689x1024.jpg 689w, https:\/\/commechezmamieswag.fr\/wp-content\/uploads\/2025\/01\/NY-2-3-202x300.jpg 202w, https:\/\/commechezmamieswag.fr\/wp-content\/uploads\/2025\/01\/NY-2-3-768x1141.jpg 768w, https:\/\/commechezmamieswag.fr\/wp-content\/uploads\/2025\/01\/NY-2-3-1034x1536.jpg 1034w, https:\/\/commechezmamieswag.fr\/wp-content\/uploads\/2025\/01\/NY-2-3.jpg 1077w\" sizes=\"auto, (max-width: 689px) 100vw, 689px\" \/><\/a><\/figure><div class=\"wp-block-media-text__content\">\n<p>Quelques photos d&#8217;une petite commune perdue <\/p>\n<\/div><\/div>\n\n\n\n<div class=\"wp-block-media-text is-stacked-on-mobile has-background\" style=\"background-color:#fcff3c\"><figure class=\"wp-block-media-text__media\"><a href=\"https:\/\/commechezmamieswag.fr\/index.php\/2025\/02\/05\/lile-intense\/\"><img loading=\"lazy\" decoding=\"async\" width=\"687\" height=\"1024\" src=\"https:\/\/commechezmamieswag.fr\/wp-content\/uploads\/2025\/02\/Photo28_28-1-687x1024.jpg\" alt=\"\" class=\"wp-image-555 size-full\" srcset=\"https:\/\/commechezmamieswag.fr\/wp-content\/uploads\/2025\/02\/Photo28_28-1-687x1024.jpg 687w, https:\/\/commechezmamieswag.fr\/wp-content\/uploads\/2025\/02\/Photo28_28-1-201x300.jpg 201w, https:\/\/commechezmamieswag.fr\/wp-content\/uploads\/2025\/02\/Photo28_28-1-768x1145.jpg 768w, https:\/\/commechezmamieswag.fr\/wp-content\/uploads\/2025\/02\/Photo28_28-1-1030x1536.jpg 1030w, https:\/\/commechezmamieswag.fr\/wp-content\/uploads\/2025\/02\/Photo28_28-1.jpg 1234w\" sizes=\"auto, (max-width: 687px) 100vw, 687px\" \/><\/a><\/figure><div class=\"wp-block-media-text__content\">\n<p>Les premiers instants photographi\u00e9s sur l&#8217;\u00eele intense <\/p>\n<\/div><\/div>\n\n\n\n<div class=\"wp-block-media-text is-stacked-on-mobile has-background\" style=\"background-color:#fcff3c\"><figure class=\"wp-block-media-text__media\"><a href=\"https:\/\/commechezmamieswag.fr\/index.php\/2025\/06\/26\/quelques-instants-dun-week-end-perdu-a-mafate\/\"><img loading=\"lazy\" decoding=\"async\" width=\"768\" height=\"1024\" src=\"https:\/\/commechezmamieswag.fr\/wp-content\/uploads\/2025\/06\/PHOTO-9-1-768x1024.jpg\" alt=\"\" class=\"wp-image-835 size-full\" srcset=\"https:\/\/commechezmamieswag.fr\/wp-content\/uploads\/2025\/06\/PHOTO-9-1-768x1024.jpg 768w, https:\/\/commechezmamieswag.fr\/wp-content\/uploads\/2025\/06\/PHOTO-9-1-225x300.jpg 225w, https:\/\/commechezmamieswag.fr\/wp-content\/uploads\/2025\/06\/PHOTO-9-1-1152x1536.jpg 1152w, https:\/\/commechezmamieswag.fr\/wp-content\/uploads\/2025\/06\/PHOTO-9-1.jpg 1200w\" sizes=\"auto, (max-width: 768px) 100vw, 768px\" \/><\/a><\/figure><div class=\"wp-block-media-text__content\">\n<p>Quelques instants d&#8217;un weekend perdu \u00e0 Mafate <\/p>\n<\/div><\/div>\n\n\n\n<div class=\"wp-block-media-text is-stacked-on-mobile has-background\" style=\"background-color:#fcff3c\"><figure class=\"wp-block-media-text__media\"><img loading=\"lazy\" decoding=\"async\" width=\"1024\" height=\"1024\" src=\"https:\/\/commechezmamieswag.fr\/wp-content\/uploads\/2025\/11\/VINTAGE-PHOTOS-7-1-1024x1024.jpg\" alt=\"\" class=\"wp-image-969 size-full\" srcset=\"https:\/\/commechezmamieswag.fr\/wp-content\/uploads\/2025\/11\/VINTAGE-PHOTOS-7-1-1024x1024.jpg 1024w, https:\/\/commechezmamieswag.fr\/wp-content\/uploads\/2025\/11\/VINTAGE-PHOTOS-7-1-300x300.jpg 300w, https:\/\/commechezmamieswag.fr\/wp-content\/uploads\/2025\/11\/VINTAGE-PHOTOS-7-1-150x150.jpg 150w, https:\/\/commechezmamieswag.fr\/wp-content\/uploads\/2025\/11\/VINTAGE-PHOTOS-7-1-768x768.jpg 768w, https:\/\/commechezmamieswag.fr\/wp-content\/uploads\/2025\/11\/VINTAGE-PHOTOS-7-1.jpg 1080w\" sizes=\"auto, (max-width: 1024px) 100vw, 1024px\" \/><\/figure><div class=\"wp-block-media-text__content\">\n<p>Beaucoup d&#8217;instants captur\u00e9s (\u00e0 rattraper) <\/p>\n<\/div><\/div>\n","protected":false},"excerpt":{"rendered":"<p>Quelques instants au Portugal Quelques instants dans une ville chaleureuse, Brest Quelques photos d&#8217;une petite commune perdue Les premiers instants photographi\u00e9s sur l&#8217;\u00eele intense Quelques instants d&#8217;un weekend perdu \u00e0 Mafate Beaucoup d&#8217;instants captur\u00e9s (\u00e0 rattraper)<\/p>\n","protected":false},"author":1,"featured_media":0,"parent":0,"menu_order":0,"comment_status":"closed","ping_status":"closed","template":"","meta":{"footnotes":""},"class_list":["post-338","page","type-page","status-publish","hentry"],"_links":{"self":[{"href":"https:\/\/commechezmamieswag.fr\/index.php\/wp-json\/wp\/v2\/pages\/338","targetHints":{"allow":["GET"]}}],"collection":[{"href":"https:\/\/commechezmamieswag.fr\/index.php\/wp-json\/wp\/v2\/pages"}],"about":[{"href":"https:\/\/commechezmamieswag.fr\/index.php\/wp-json\/wp\/v2\/types\/page"}],"author":[{"embeddable":true,"href":"https:\/\/commechezmamieswag.fr\/index.php\/wp-json\/wp\/v2\/users\/1"}],"replies":[{"embeddable":true,"href":"https:\/\/commechezmamieswag.fr\/index.php\/wp-json\/wp\/v2\/comments?post=338"}],"version-history":[{"count":37,"href":"https:\/\/commechezmamieswag.fr\/index.php\/wp-json\/wp\/v2\/pages\/338\/revisions"}],"predecessor-version":[{"id":971,"href":"https:\/\/commechezmamieswag.fr\/index.php\/wp-json\/wp\/v2\/pages\/338\/revisions\/971"}],"wp:attachment":[{"href":"https:\/\/commechezmamieswag.fr\/index.php\/wp-json\/wp\/v2\/media?parent=338"}],"curies":[{"name":"wp","href":"https:\/\/api.w.org\/{rel}","templated":true}]}}